{"id":1771,"date":"2020-09-06T11:16:58","date_gmt":"2020-09-06T11:16:58","guid":{"rendered":"http:\/\/ratonyi.net\/holland\/?page_id=1771"},"modified":"2021-05-07T09:22:56","modified_gmt":"2021-05-07T07:22:56","slug":"alapkepzes-ba","status":"publish","type":"page","link":"https:\/\/btk.kre.hu\/holland\/index.php\/tanulmanyok-es-kepzesek\/alapkepzes-ba\/","title":{"rendered":"Alapk\u00e9pz\u00e9s (BA)"},"content":{"rendered":"<p>KRE N\u00e9derlandisztika tansz\u00e9ke a 2021\/22-es tan\u00e9vben is ind\u00edt BA szint\u0171 k\u00e9pz\u00e9st.<\/p>\n<p>A n\u00e9derlandisztika BA programban a\u00a0<a title=\"\" href=\"http:\/\/hu.wikipedia.org\/wiki\/Holland_nyelv\" target=\"_blank\" rel=\"noopener noreferrer\">holland<\/a>\u00a0\u00e9s\u00a0<a title=\"\" href=\"http:\/\/hu.wikipedia.org\/wiki\/Flamand_nyelv\" target=\"_blank\" rel=\"noopener noreferrer\">flamand<\/a>\u00a0nyelv \u00e9s\u00a0<a title=\"\" href=\"http:\/\/www.hbmk.hu\/EU25\/holland\/irodalom.html\" target=\"_blank\" rel=\"noopener noreferrer\">irodalom<\/a> megismer\u00e9se mellett nagy hang\u00falyt kap a nyelvter\u00fclet t\u00f6rt\u00e9nelme \u00e9s m\u0171v\u00e9szete, valamint a munkav\u00e1llal\u00e1s sor\u00e1n is j\u00f3l hasznos\u00edthat\u00f3 gazdas\u00e1gi- \u00e9s sajt\u00f3nyelv, \u00e9s a ford\u00edt\u00e1s elm\u00e9let\u00e9nek \u00e9s gyakorlat\u00e1nak megismer\u00e9se. Ezeken fel\u00fcl is sz\u00e1mtalan speci\u00e1lis koll\u00e9giumot hirdet\u00fcnk Hollandia \u00e9s Belgium kult\u00far\u00e1j\u00e1nak k\u00fcl\u00f6nf\u00e9le ter\u00fclet\u00e9r\u0151l.<\/p>\n<p>BA k\u00e9pz\u00e9s\u00fcnkre a jelentkez\u00e9s felt\u00e9tele az\u00a0<strong>emelt szint\u0171 angol\u00a0<\/strong>vagy\u00a0<strong>emelt szint\u0171 n\u00e9met\u00a0<\/strong>vagy\u00a0<strong>n\u00e9met nemzetis\u00e9gi \u00e9retts\u00e9gi<\/strong>.<\/p>\n<h4><strong>A N\u00e9derlandisztika BA szak fel\u00e9p\u00edt\u00e9se<\/strong><\/h4>\n<p>A k\u00e9pz\u00e9s sor\u00e1n a hallgat\u00f3knak 180 kredit \u00e9rt\u00e9kben kell tanegys\u00e9get felvenni\u00fck. Ebb\u0151l 120 kredit major, 50 kredit specializ\u00e1ci\u00f3 vagy minor, valamint 10 kredit szabadon v\u00e1lasztott t\u00e1rgyak.<\/p>\n<h4><strong>Mit jelent a N\u00e9derlandisztika major program?<\/strong><\/h4>\n<p>A 120 kredites k\u00e9pz\u00e9st, amit minden n\u00e9derlandisztik\u00e1ra felvett hallgat\u00f3nak teljes\u00edtenie kell a diploma megszerz\u00e9s\u00e9hez.<\/p>\n<p>Kinek aj\u00e1nljuk a N\u00e9derlandisztika major felv\u00e9tel\u00e9t?Azoknak a germanisztika szakra felvett hallgat\u00f3knak, akik sz\u00edvesen megismerkedn\u00e9nek a nyugati kult\u00fark\u00f6r k\u00e9t sikeres orsz\u00e1ga, Hollandia \u00e9s Belgium nyelv\u00e9vel, irodalm\u00e1val, t\u00f6rt\u00e9nelm\u00e9vel \u00e9s m\u0171v\u00e9szet\u00e9vel, melyeket t\u00f6bbek k\u00f6z\u00f6tt a nyelvgyakorlatok, sz\u00f3- \u00e9s mondattan, szociolingvisztika, k\u00f6z\u00e9pkori \u00e9s modern n\u00e9metalf\u00f6ldi irodalom, m\u0171ford\u00edt\u00e1s, kult\u00fart\u00f6rt\u00e9net, \u00c9szak- \u00e9s D\u00e9l-N\u00e9metalf\u00f6ld m\u0171v\u00e9szete t\u00e1rgyak form\u00e1j\u00e1ban oktatunk.<\/p>\n<p>Azoknak a n\u00e9derlandisztika szakos hallgat\u00f3knak, akik enn\u00e9l is alaposabban szeretn\u00e9k megtanulni a holland nyelvet \u00e9s megismerni a nyelvter\u00fclet kult\u00far\u00e1j\u00e1t, mivel a k\u00e9s\u0151bbiekben esetleg ford\u00edt\u00e1ssal k\u00edv\u00e1nnak foglalkozni, vagy tanulm\u00e1nyaikat mester szinten (MA) is folytatni szeretn\u00e9k, k\u00e9t 50 kredites <strong>specializ\u00e1ci\u00f3t<\/strong> k\u00edn\u00e1lunk, amelyek k\u00f6z\u00fcl v\u00e1laszthatnak.<\/p>\n<p>A Kult\u00fara \u00e9s identit\u00e1s specializ\u00e1ci\u00f3ban a fenti t\u00e1rgyak elm\u00e9ly\u00edt\u00e9s\u00e9n t\u00fal megjelenik a holland nyelv\u0171 filmek elemz\u00e9se \u00e9pp\u00fagy, mint a prezent\u00e1ci\u00f3s technik\u00e1k gyakorl\u00e1sa, m\u00edg A ford\u00edt\u00e1s alapjai specializ\u00e1ci\u00f3ban a jogi \u00e9s k\u00f6zgazdas\u00e1gi alapismeretekt\u0151l az \u00fczleti nyelven \u00e1t a ford\u00edt\u00e1si \u00e9s tolm\u00e1csol\u00e1si gyakorlatokig mindent megtal\u00e1lunk.<\/p>\n<p>A BA k\u00e9pz\u00e9s ut\u00e1n di\u00e1kjaink\u00a0<a href=\"https:\/\/btk.kre.hu\/holland\/index.php\/tanulmanyok-es-kepzesek\/mesterkepzes-ma\/\">mesterszakon<\/a> (MA<a title=\"\" href=\"https:\/\/ratonyi.net\/holland\/mesterkepzes-ma\/\" rel=\"noopener\">)<\/a>\u00a0is folytathatj\u00e1k a n\u00e9derlandisztika tanul\u00e1s\u00e1t.<\/p>\n<div align=\"left\">A N\u00e9derlandisztika BA mintatanterve el\u00e9rhet\u0151 <a href=\"https:\/\/btk.kre.hu\/index.php\/alapkepzesek\/category\/959-2020-szeptemberetol-ervenyes-mintatantervek.html\">itt<\/a>.<\/div>\n<div align=\"left\"><\/div>\n<div align=\"left\"><\/div>\n<h4 align=\"left\"><strong>Di\u00e1kjaink v\u00e9lem\u00e9nye a k\u00e9pz\u00e9sr\u0151l:<\/strong><\/h4>\n<div align=\"left\"><\/div>\n<div align=\"left\">Akkor j\u00e1rtam el\u0151sz\u00f6r Hollandi\u00e1ban, mikor gimnazista koromban \u00e9pp az egyetemi szakv\u00e1laszt\u00e1s kr\u00edzis\u00e9nek cs\u00facs\u00e1n voltam. Kint nem csak az orsz\u00e1got, a kult\u00far\u00e1t \u00e9s az embereket szerettem meg, de olyan magyarokkal is tal\u00e1lkoztam, akik akkor m\u00e1r holland szakosak voltak, \u00e9s \u00e9pp csereprogramon j\u00e1rtak kint. \u0150k mes\u00e9lt\u00e9k, hogy mennyi lehet\u0151s\u00e9ge van annak, aki besz\u00e9l hollandul. Egy BA \u00e9s egy f\u00e9l MA diplom\u00e1val a h\u00e1tam m\u00f6g\u00f6tt mondhatom, hogy abszol\u00fat igazuk volt, \u00e9s az\u00f3ta is az egyik legjobb d\u00f6nt\u00e9semnek tartom, hogy a holland mellett d\u00f6nt\u00f6ttem. Tanulhattam irodalmat, nyelv\u00e9szetet, filmtudom\u00e1nyt, ford\u00edt\u00e1st, diplom\u00e1ci\u00e1t, m\u0171v\u00e9szett\u00f6rt\u00e9netet stb. \u00c9s nem mellesleg kijutottam a nyelvter\u00fcletre, nem is egyszer. \u00c9s mindegy merre megyek tov\u00e1bb, a tud\u00e1s, amit itt szereztem, mindig hatalmas el\u0151ny lesz.\u00a0 Bir\u00f3 M\u00e1rton<\/div>\n<div align=\"left\"><\/div>\n<div align=\"left\"><\/div>\n<div align=\"left\">Krasznai K\u00e1rmen vagyok, jelenleg m\u00e1sod\u00e9ves n\u00e9derlandisztik\u00e1n. Gimn\u00e1zium utols\u00f3 \u00e9v\u00e9ben d\u00f6nt\u00f6ttem \u00fagy, hogy meg szeretn\u00e9k tanulni hollandul, \u00e9s el szeretn\u00e9k m\u00e9lyedni a holland kult\u00fara vil\u00e1g\u00e1ban. Magamat ismerve sejtettem, hogy szeretni fogom az egyetem adta tudom\u00e1nyos k\u00f6zeget, de a n\u00e9der fel\u00fclm\u00falta a v\u00e1rakoz\u00e1saimat. Nemcsak a nyelvtanul\u00e1sr\u00f3l van itt sz\u00f3, hanem egy olyan b\u00f6lcs\u00e9sz k\u00e9pz\u00e9sr\u0151l, ami gondolkodni, k\u00e9rd\u00e9seket feltenni, \u00e9rvelni, kutatni tan\u00edt. Ez a szak \u00e9bresztett r\u00e1, hogy sokkal t\u00f6bb \u00e9rdekes \u00e9s izgalmas dolog van a vil\u00e1gon, mint \u00e9n azt gondoltam. H\u00e1l\u00e1s vagyok ennek a tansz\u00e9knek, hogy k\u00edv\u00e1ncsibb\u00e1 \u00e9s lelkesebb\u00e9 tett egy hihetetlen\u00fcl izgalmas tudom\u00e1nyter\u00fclet ir\u00e1nt, annyira, hogy szabadid\u0151mben is szeretek azzal foglalkozni, amit tanulok. Nagy \u00f6r\u00f6m ez nekem. K\u00edv\u00e1nom, hogy mindannyian megtal\u00e1lj\u00e1tok azt, amit szenved\u00e9llyel szerettek &#8211; \u00e9s egy olyan t\u00e1mogat\u00f3 k\u00f6zegbe ker\u00fcljetek, mint amilyenbe \u00e9n cs\u00f6ppentem a K\u00e1rolin. Szeretettel, K\u00e1rmen<\/div>\n<div align=\"left\">\n<p>&nbsp;<\/p>\n<p>Amikor megk\u00e9rdezik milyen szakra j\u00e1rok, \u00e9s kimondom, hogy \u201cn\u00e9derlandisztika\u201d, sosem \u00e9rtik mir\u0151l besz\u00e9lek. \u00c9n sem \u00e9rtettem addig, m\u00edg nem j\u00f6ttem ide a K\u00e1rolira. Teljesen megfogott a tansz\u00e9k k\u00f6zvetlens\u00e9ge. A tan\u00e1rok nagyon j\u00f3fejek, \u00e9s ha r\u00e1nk n\u00e9znek, az embert is l\u00e1tj\u00e1k benn\u00fcnk, nem csak egy k\u00f3dot\/di\u00e1kot. Azt hittem sz\u00e1raz t\u00e9nyekr\u0151l fogok hallani itt is, de a tan\u00e1rok mindig pr\u00f3b\u00e1lj\u00e1k feldobni \u00e9rdekes, mai inf\u00f3kkal az \u00f3r\u00e1t. A nyelv csak az elej\u00e9n neh\u00e9z, azt\u00e1n elkezdi az ember meg\u00e9rteni, hogy mit mondanak neki hollandul. Ez pedig nagyon j\u00f3 \u00e9rz\u00e9s volt sz\u00e1momra. Ez egy ritka szak, de pont ez\u00e9rt k\u00fcl\u00f6nleges. Emiatt kevesebben is vagyunk, de pont ez\u00e9rt csal\u00e1dias, b\u00e1rkihez fordulhatok seg\u00edts\u00e9g\u00e9rt, ha k\u00e9rd\u00e9sem van.\u00a0 Nyeste S\u00e1ra, m\u00e1sod\u00e9ves BA hallgat\u00f3<\/p>\n<\/div>\n","protected":false},"excerpt":{"rendered":"<p>KRE N\u00e9derlandisztika tansz\u00e9ke a 2021\/22-es tan\u00e9vben is ind\u00edt BA szint\u0171 k\u00e9pz\u00e9st. A n\u00e9derlandisztika BA programban a\u00a0holland\u00a0\u00e9s\u00a0flamand\u00a0nyelv \u00e9s\u00a0irodalom megismer\u00e9se mellett nagy hang\u00falyt kap a nyelvter\u00fclet t\u00f6rt\u00e9nelme \u00e9s m\u0171v\u00e9szete, valamint a munkav\u00e1llal\u00e1s sor\u00e1n is j\u00f3l hasznos\u00edthat\u00f3 gazdas\u00e1gi- \u00e9s sajt\u00f3nyelv, \u00e9s a ford\u00edt\u00e1s elm\u00e9let\u00e9nek \u00e9s gyakorlat\u00e1nak megismer\u00e9se. Ezeken fel\u00fcl is sz\u00e1mtalan speci\u00e1lis koll\u00e9giumot hirdet\u00fcnk Hollandia \u00e9s Belgium kult\u00far\u00e1j\u00e1nak [&hellip;]<\/p>\n","protected":false},"author":1,"featured_media":0,"parent":1611,"menu_order":5,"comment_status":"closed","ping_status":"closed","template":"","meta":{"footnotes":""},"categories":[25],"tags":[],"class_list":["post-1771","page","type-page","status-publish","hentry","category-tanulmanyok"],"acf":[],"yoast_head":"<!-- This site is optimized with the Yoast SEO plugin v27.3 - https:\/\/yoast.com\/product\/yoast-seo-wordpress\/ -->\n<title>Alapk\u00e9pz\u00e9s (BA) - KRE | BTK | N\u00e9derlandisztika tansz\u00e9k<\/title>\n<meta name=\"robots\" content=\"index, follow, max-snippet:-1, max-image-preview:large, max-video-preview:-1\" \/>\n<link rel=\"canonical\" href=\"https:\/\/btk.kre.hu\/holland\/index.php\/tanulmanyok-es-kepzesek\/alapkepzes-ba\/\" \/>\n<meta property=\"og:locale\" content=\"hu_HU\" \/>\n<meta property=\"og:type\" content=\"article\" \/>\n<meta property=\"og:title\" content=\"Alapk\u00e9pz\u00e9s (BA) - KRE | BTK | N\u00e9derlandisztika tansz\u00e9k\" \/>\n<meta property=\"og:description\" content=\"KRE N\u00e9derlandisztika tansz\u00e9ke a 2021\/22-es tan\u00e9vben is ind\u00edt BA szint\u0171 k\u00e9pz\u00e9st. A n\u00e9derlandisztika BA programban a\u00a0holland\u00a0\u00e9s\u00a0flamand\u00a0nyelv \u00e9s\u00a0irodalom megismer\u00e9se mellett nagy hang\u00falyt kap a nyelvter\u00fclet t\u00f6rt\u00e9nelme \u00e9s m\u0171v\u00e9szete, valamint a munkav\u00e1llal\u00e1s sor\u00e1n is j\u00f3l hasznos\u00edthat\u00f3 gazdas\u00e1gi- \u00e9s sajt\u00f3nyelv, \u00e9s a ford\u00edt\u00e1s elm\u00e9let\u00e9nek \u00e9s gyakorlat\u00e1nak megismer\u00e9se. Ezeken fel\u00fcl is sz\u00e1mtalan speci\u00e1lis koll\u00e9giumot hirdet\u00fcnk Hollandia \u00e9s Belgium kult\u00far\u00e1j\u00e1nak [&hellip;]\" \/>\n<meta property=\"og:url\" content=\"https:\/\/btk.kre.hu\/holland\/index.php\/tanulmanyok-es-kepzesek\/alapkepzes-ba\/\" \/>\n<meta property=\"og:site_name\" content=\"KRE | BTK | N\u00e9derlandisztika tansz\u00e9k\" \/>\n<meta property=\"article:publisher\" content=\"https:\/\/facebook.com\/KRENederlandisztika\" \/>\n<meta property=\"article:modified_time\" content=\"2021-05-07T07:22:56+00:00\" \/>\n<meta name=\"twitter:card\" content=\"summary_large_image\" \/>\n<meta name=\"twitter:label1\" content=\"Becs\u00fclt olvas\u00e1si id\u0151\" \/>\n\t<meta name=\"twitter:data1\" content=\"3 perc\" \/>\n<script type=\"application\/ld+json\" class=\"yoast-schema-graph\">{\"@context\":\"https:\\\/\\\/schema.org\",\"@graph\":[{\"@type\":\"WebPage\",\"@id\":\"https:\\\/\\\/btk.kre.hu\\\/holland\\\/index.php\\\/tanulmanyok-es-kepzesek\\\/alapkepzes-ba\\\/\",\"url\":\"https:\\\/\\\/btk.kre.hu\\\/holland\\\/index.php\\\/tanulmanyok-es-kepzesek\\\/alapkepzes-ba\\\/\",\"name\":\"Alapk\u00e9pz\u00e9s (BA) - KRE | BTK | N\u00e9derlandisztika tansz\u00e9k\",\"isPartOf\":{\"@id\":\"https:\\\/\\\/btk.kre.hu\\\/holland\\\/#website\"},\"datePublished\":\"2020-09-06T11:16:58+00:00\",\"dateModified\":\"2021-05-07T07:22:56+00:00\",\"breadcrumb\":{\"@id\":\"https:\\\/\\\/btk.kre.hu\\\/holland\\\/index.php\\\/tanulmanyok-es-kepzesek\\\/alapkepzes-ba\\\/#breadcrumb\"},\"inLanguage\":\"hu\",\"potentialAction\":[{\"@type\":\"ReadAction\",\"target\":[\"https:\\\/\\\/btk.kre.hu\\\/holland\\\/index.php\\\/tanulmanyok-es-kepzesek\\\/alapkepzes-ba\\\/\"]}]},{\"@type\":\"BreadcrumbList\",\"@id\":\"https:\\\/\\\/btk.kre.hu\\\/holland\\\/index.php\\\/tanulmanyok-es-kepzesek\\\/alapkepzes-ba\\\/#breadcrumb\",\"itemListElement\":[{\"@type\":\"ListItem\",\"position\":1,\"name\":\"Kezd\u0151lap\",\"item\":\"https:\\\/\\\/btk.kre.hu\\\/holland\\\/\"},{\"@type\":\"ListItem\",\"position\":2,\"name\":\"Tanulm\u00e1nyok \u00e9s k\u00e9pz\u00e9sek\",\"item\":\"https:\\\/\\\/btk.kre.hu\\\/holland\\\/index.php\\\/tanulmanyok-es-kepzesek\\\/\"},{\"@type\":\"ListItem\",\"position\":3,\"name\":\"Alapk\u00e9pz\u00e9s (BA)\"}]},{\"@type\":\"WebSite\",\"@id\":\"https:\\\/\\\/btk.kre.hu\\\/holland\\\/#website\",\"url\":\"https:\\\/\\\/btk.kre.hu\\\/holland\\\/\",\"name\":\"KRE | BTK | N\u00e9derlandisztika tansz\u00e9k\",\"description\":\"K\u00e1roli G\u00e1sp\u00e1r Reform\u00e1tus Egyetem\",\"publisher\":{\"@id\":\"https:\\\/\\\/btk.kre.hu\\\/holland\\\/#organization\"},\"potentialAction\":[{\"@type\":\"SearchAction\",\"target\":{\"@type\":\"EntryPoint\",\"urlTemplate\":\"https:\\\/\\\/btk.kre.hu\\\/holland\\\/?s={search_term_string}\"},\"query-input\":{\"@type\":\"PropertyValueSpecification\",\"valueRequired\":true,\"valueName\":\"search_term_string\"}}],\"inLanguage\":\"hu\"},{\"@type\":\"Organization\",\"@id\":\"https:\\\/\\\/btk.kre.hu\\\/holland\\\/#organization\",\"name\":\"N\u00e9derlandisztika szak | KRE BTK\",\"url\":\"https:\\\/\\\/btk.kre.hu\\\/holland\\\/\",\"logo\":{\"@type\":\"ImageObject\",\"inLanguage\":\"hu\",\"@id\":\"https:\\\/\\\/btk.kre.hu\\\/holland\\\/#\\\/schema\\\/logo\\\/image\\\/\",\"url\":\"https:\\\/\\\/btk.kre.hu\\\/holland\\\/wp-content\\\/uploads\\\/2020\\\/11\\\/KRE_NEDERLANDISZTIKA.png\",\"contentUrl\":\"https:\\\/\\\/btk.kre.hu\\\/holland\\\/wp-content\\\/uploads\\\/2020\\\/11\\\/KRE_NEDERLANDISZTIKA.png\",\"width\":3356,\"height\":5143,\"caption\":\"N\u00e9derlandisztika szak | KRE BTK\"},\"image\":{\"@id\":\"https:\\\/\\\/btk.kre.hu\\\/holland\\\/#\\\/schema\\\/logo\\\/image\\\/\"},\"sameAs\":[\"https:\\\/\\\/facebook.com\\\/KRENederlandisztika\"]}]}<\/script>\n<!-- \/ Yoast SEO plugin. -->","yoast_head_json":{"title":"Alapk\u00e9pz\u00e9s (BA) - KRE | BTK | N\u00e9derlandisztika tansz\u00e9k","robots":{"index":"index","follow":"follow","max-snippet":"max-snippet:-1","max-image-preview":"max-image-preview:large","max-video-preview":"max-video-preview:-1"},"canonical":"https:\/\/btk.kre.hu\/holland\/index.php\/tanulmanyok-es-kepzesek\/alapkepzes-ba\/","og_locale":"hu_HU","og_type":"article","og_title":"Alapk\u00e9pz\u00e9s (BA) - KRE | BTK | N\u00e9derlandisztika tansz\u00e9k","og_description":"KRE N\u00e9derlandisztika tansz\u00e9ke a 2021\/22-es tan\u00e9vben is ind\u00edt BA szint\u0171 k\u00e9pz\u00e9st. A n\u00e9derlandisztika BA programban a\u00a0holland\u00a0\u00e9s\u00a0flamand\u00a0nyelv \u00e9s\u00a0irodalom megismer\u00e9se mellett nagy hang\u00falyt kap a nyelvter\u00fclet t\u00f6rt\u00e9nelme \u00e9s m\u0171v\u00e9szete, valamint a munkav\u00e1llal\u00e1s sor\u00e1n is j\u00f3l hasznos\u00edthat\u00f3 gazdas\u00e1gi- \u00e9s sajt\u00f3nyelv, \u00e9s a ford\u00edt\u00e1s elm\u00e9let\u00e9nek \u00e9s gyakorlat\u00e1nak megismer\u00e9se. Ezeken fel\u00fcl is sz\u00e1mtalan speci\u00e1lis koll\u00e9giumot hirdet\u00fcnk Hollandia \u00e9s Belgium kult\u00far\u00e1j\u00e1nak [&hellip;]","og_url":"https:\/\/btk.kre.hu\/holland\/index.php\/tanulmanyok-es-kepzesek\/alapkepzes-ba\/","og_site_name":"KRE | BTK | N\u00e9derlandisztika tansz\u00e9k","article_publisher":"https:\/\/facebook.com\/KRENederlandisztika","article_modified_time":"2021-05-07T07:22:56+00:00","twitter_card":"summary_large_image","twitter_misc":{"Becs\u00fclt olvas\u00e1si id\u0151":"3 perc"},"schema":{"@context":"https:\/\/schema.org","@graph":[{"@type":"WebPage","@id":"https:\/\/btk.kre.hu\/holland\/index.php\/tanulmanyok-es-kepzesek\/alapkepzes-ba\/","url":"https:\/\/btk.kre.hu\/holland\/index.php\/tanulmanyok-es-kepzesek\/alapkepzes-ba\/","name":"Alapk\u00e9pz\u00e9s (BA) - KRE | BTK | N\u00e9derlandisztika tansz\u00e9k","isPartOf":{"@id":"https:\/\/btk.kre.hu\/holland\/#website"},"datePublished":"2020-09-06T11:16:58+00:00","dateModified":"2021-05-07T07:22:56+00:00","breadcrumb":{"@id":"https:\/\/btk.kre.hu\/holland\/index.php\/tanulmanyok-es-kepzesek\/alapkepzes-ba\/#breadcrumb"},"inLanguage":"hu","potentialAction":[{"@type":"ReadAction","target":["https:\/\/btk.kre.hu\/holland\/index.php\/tanulmanyok-es-kepzesek\/alapkepzes-ba\/"]}]},{"@type":"BreadcrumbList","@id":"https:\/\/btk.kre.hu\/holland\/index.php\/tanulmanyok-es-kepzesek\/alapkepzes-ba\/#breadcrumb","itemListElement":[{"@type":"ListItem","position":1,"name":"Kezd\u0151lap","item":"https:\/\/btk.kre.hu\/holland\/"},{"@type":"ListItem","position":2,"name":"Tanulm\u00e1nyok \u00e9s k\u00e9pz\u00e9sek","item":"https:\/\/btk.kre.hu\/holland\/index.php\/tanulmanyok-es-kepzesek\/"},{"@type":"ListItem","position":3,"name":"Alapk\u00e9pz\u00e9s (BA)"}]},{"@type":"WebSite","@id":"https:\/\/btk.kre.hu\/holland\/#website","url":"https:\/\/btk.kre.hu\/holland\/","name":"KRE | BTK | N\u00e9derlandisztika tansz\u00e9k","description":"K\u00e1roli G\u00e1sp\u00e1r Reform\u00e1tus Egyetem","publisher":{"@id":"https:\/\/btk.kre.hu\/holland\/#organization"},"potentialAction":[{"@type":"SearchAction","target":{"@type":"EntryPoint","urlTemplate":"https:\/\/btk.kre.hu\/holland\/?s={search_term_string}"},"query-input":{"@type":"PropertyValueSpecification","valueRequired":true,"valueName":"search_term_string"}}],"inLanguage":"hu"},{"@type":"Organization","@id":"https:\/\/btk.kre.hu\/holland\/#organization","name":"N\u00e9derlandisztika szak | KRE BTK","url":"https:\/\/btk.kre.hu\/holland\/","logo":{"@type":"ImageObject","inLanguage":"hu","@id":"https:\/\/btk.kre.hu\/holland\/#\/schema\/logo\/image\/","url":"https:\/\/btk.kre.hu\/holland\/wp-content\/uploads\/2020\/11\/KRE_NEDERLANDISZTIKA.png","contentUrl":"https:\/\/btk.kre.hu\/holland\/wp-content\/uploads\/2020\/11\/KRE_NEDERLANDISZTIKA.png","width":3356,"height":5143,"caption":"N\u00e9derlandisztika szak | KRE BTK"},"image":{"@id":"https:\/\/btk.kre.hu\/holland\/#\/schema\/logo\/image\/"},"sameAs":["https:\/\/facebook.com\/KRENederlandisztika"]}]}},"_links":{"self":[{"href":"https:\/\/btk.kre.hu\/holland\/index.php\/wp-json\/wp\/v2\/pages\/1771","targetHints":{"allow":["GET"]}}],"collection":[{"href":"https:\/\/btk.kre.hu\/holland\/index.php\/wp-json\/wp\/v2\/pages"}],"about":[{"href":"https:\/\/btk.kre.hu\/holland\/index.php\/wp-json\/wp\/v2\/types\/page"}],"author":[{"embeddable":true,"href":"https:\/\/btk.kre.hu\/holland\/index.php\/wp-json\/wp\/v2\/users\/1"}],"replies":[{"embeddable":true,"href":"https:\/\/btk.kre.hu\/holland\/index.php\/wp-json\/wp\/v2\/comments?post=1771"}],"version-history":[{"count":0,"href":"https:\/\/btk.kre.hu\/holland\/index.php\/wp-json\/wp\/v2\/pages\/1771\/revisions"}],"up":[{"embeddable":true,"href":"https:\/\/btk.kre.hu\/holland\/index.php\/wp-json\/wp\/v2\/pages\/1611"}],"wp:attachment":[{"href":"https:\/\/btk.kre.hu\/holland\/index.php\/wp-json\/wp\/v2\/media?parent=1771"}],"wp:term":[{"taxonomy":"category","embeddable":true,"href":"https:\/\/btk.kre.hu\/holland\/index.php\/wp-json\/wp\/v2\/categories?post=1771"},{"taxonomy":"post_tag","embeddable":true,"href":"https:\/\/btk.kre.hu\/holland\/index.php\/wp-json\/wp\/v2\/tags?post=1771"}],"curies":[{"name":"wp","href":"https:\/\/api.w.org\/{rel}","templated":true}]}}