{"id":1775,"date":"2020-09-06T11:17:19","date_gmt":"2020-09-06T11:17:19","guid":{"rendered":"http:\/\/ratonyi.net\/holland\/?page_id=1775"},"modified":"2021-05-07T09:20:12","modified_gmt":"2021-05-07T07:20:12","slug":"mesterkepzes-ma","status":"publish","type":"page","link":"https:\/\/btk.kre.hu\/holland\/index.php\/tanulmanyok-es-kepzesek\/mesterkepzes-ma\/","title":{"rendered":"Mesterk\u00e9pz\u00e9s (MA)"},"content":{"rendered":"<p><strong>2016 szeptember<\/strong>\u00e9t\u0151l is indul tansz\u00e9k\u00fcnk\u00f6n\u00a0<strong>n\u00e9derlandisztika mesterk\u00e9pz\u00e9s (MA),\u00a0<\/strong>amely 2 \u00e9ves, \u00e9s ez alatt 120 kreditet kell megszerezni.<\/p>\n<h4><strong>Kiknek?<\/strong><\/h4>\n<p>Azoknak a hallgat\u00f3knak a jelentkez\u00e9s\u00e9t v\u00e1rjuk, akik a\u00a0<strong>holland\/flamand nyelv \u00e9s kult\u00fara\u00a0<\/strong>ir\u00e1nt magas fok\u00fa motiv\u00e1ci\u00f3t \u00e9s elk\u00f6telezetts\u00e9get \u00e9reznek, magas szinten besz\u00e9lik a holland nyelvet, \u00e9s ebben az ir\u00e1nyban tervezik karrierj\u00fcket.<\/p>\n<p>Akik\u00a0<strong>BA<\/strong>-diplom\u00e1val,\u00a0<strong>MA<\/strong>-diplom\u00e1val vagy m\u00e9g a r\u00e9gi rendszerb\u0151l\u00a0<strong>f\u0151iskolai<\/strong>\u00a0vagy egyetemi\u00a0<strong>diplom\u00e1val<\/strong>\u00a0rendelkeznek.<\/p>\n<p>Ha\u00a0<strong>nem n\u00e9derlandisztika<\/strong>\u00a0szakos ez a diploma, legal\u00e1bb 50 kreditnyi a n\u00e9derlandisztika t\u00e9m\u00e1j\u00e1hoz tartoz\u00f3 (pl. Bevezet\u00e9s a nyelvtudom\u00e1nyba, Bevezet\u00e9s az irodalomtudom\u00e1nyba, Germ\u00e1n nyelvek \u00e9s kult\u00far\u00e1k stb.) a kor\u00e1bbi tanulm\u00e1nyok sor\u00e1n elv\u00e9gzett kurzussal \u00e9s\u00a0<strong>fels\u0151fok\u00fa (C1) hol<\/strong><strong>land nyelvvizsg\u00e1<\/strong><strong>val<\/strong>\u00a0kell rendelkezni.<\/p>\n<h4><strong>Mit tudunk mi ny\u00fajtani?<\/strong><\/h4>\n<p>Az MA-tanulm\u00e1nyokhoz a tansz\u00e9k t\u00e1mogat\u00f3, <strong>inspir\u00e1l\u00f3<\/strong> l\u00e9gk\u00f6r\u00e9vel, k\u00fclf\u00f6ldi <strong>\u00f6szt\u00f6nd\u00edjakkal<\/strong>\u00a0(l\u00e1sd\u00a0fenti men\u00fc\u00a0&gt; linkaj\u00e1nl\u00f3) \u00e9s egy\u00e9nre szabott odafigyel\u00e9ssel j\u00e1rul hozz\u00e1.<\/p>\n<p>Az MA-k\u00e9pz\u00e9s mintatanterv\u00e9t megtal\u00e1lod\u00a0<a title=\"\" href=\"#dokumentumok\">ITT<\/a>.\u00a0Az al\u00e1bbi c\u00edmen sz\u00edvesen \u00e1llunk rendelkez\u00e9sedre, hogy\u00a0<strong>tov\u00e1bbi inform\u00e1ci\u00f3val<\/strong>\u00a0szolg\u00e1ljunk:\u00a0<span id=\"cloak89ff4bdc616fdcbd7291b1f2a13c1d0e\"><a href=\"mailto:kreholland@gmail.com\">kreholland@gmail.com<\/a><\/span><\/p>\n<h4><\/h4>\n<h4>MA-s di\u00e1kjaink v\u00e9lem\u00e9nye a k\u00e9pz\u00e9sr\u0151l<\/h4>\n<p align=\"justify\">Mivel viszonylag kicsi a tansz\u00e9k, az oktat\u00f3k egyenk\u00e9nt is oda tudnak figyelni a hallgat\u00f3kra, tudnak nekik seg\u00edteni, a szakdolgozatukhoz forr\u00e1sokat aj\u00e1nlani \u00e9s felh\u00edvni figyelm\u00fcket Erasmus-, \u00f6szt\u00f6nd\u00edj- \u00e9s versenylehet\u0151s\u00e9gekre.<\/p>\n<p align=\"justify\">A tansz\u00e9ken olyan oktat\u00f3k is tan\u00edtanak, akik p\u00e9ld\u00e1ul gazdas\u00e1gi vagy jogi v\u00e9gzetts\u00e9ggel is rendelkeznek, emiatt a ford\u00edt\u00f3i specializ\u00e1ci\u00f3 keretein bel\u00fcl vagy ak\u00e1r szabadon v\u00e1laszthat\u00f3 kurzuson lehet\u0151s\u00e9g ny\u00edlik a szaknyelvekkel val\u00f3 ismerked\u00e9sre.<\/p>\n<p align=\"justify\">A mesterk\u00e9pz\u00e9s p\u00e1rhuzamosan v\u00e9gezhet\u0151 a h\u00e1rom\/n\u00e9gy f\u00e9l\u00e9ves szak- \u00e9s m\u0171ford\u00edt\u00f3i tov\u00e1bbk\u00e9pz\u00e9ssel vagy a k\u00e9t f\u00e9l\u00e9ves holland nyelv \u00e9s kult\u00fara tan\u00e1ra r\u00f6vid ciklus\u00fa k\u00e9pz\u00e9ssel. Az el\u0151bbin\u00e9l k\u00e9t idegen nyelv is v\u00e1laszthat\u00f3, az ut\u00f3bbival mag\u00e1ntan\u00e1rk\u00e9nt vagy nyelviskol\u00e1ban lehet elhelyezkedni.<\/p>\n<p align=\"justify\">Az \u00f3r\u00e1k nagy r\u00e9sze gyakorlatias, BA-n a nyelv\u00e9szet \u00f3r\u00e1k &#8211; t\u00f6bbek k\u00f6z\u00f6tt &#8211; a nyelvtanul\u00e1st seg\u00edtik el\u0151, MA-n pedig m\u00e1s hasznos\u00edthat\u00f3 dolgok is el\u0151t\u00e9rbe ker\u00fclnek, p\u00e9ld\u00e1ul a recenzi\u00f3\u00edr\u00e1s. Az irodalom\u00f3r\u00e1k pedig akkor is \u00e9lvezhet\u0151ek \u00e9s\/vagy \u00e9rdekesek, ha nem tetszik az adott m\u0171 vagy m\u0171faj. MA-n a kutat\u00e1si m\u00f3dszertan is nagyobb szerepet kap, ami seg\u00edt a szakdolgozat meg\u00edr\u00e1s\u00e1ban, \u00e9s azoknak is hasznos \u00e9s motiv\u00e1l\u00f3, akik esetleg tov\u00e1bb szeretn\u00e9nek tanulni doktori k\u00e9pz\u00e9sen.<\/p>\n","protected":false},"excerpt":{"rendered":"<p>2016 szeptember\u00e9t\u0151l is indul tansz\u00e9k\u00fcnk\u00f6n\u00a0n\u00e9derlandisztika mesterk\u00e9pz\u00e9s (MA),\u00a0amely 2 \u00e9ves, \u00e9s ez alatt 120 kreditet kell megszerezni. Kiknek? Azoknak a hallgat\u00f3knak a jelentkez\u00e9s\u00e9t v\u00e1rjuk, akik a\u00a0holland\/flamand nyelv \u00e9s kult\u00fara\u00a0ir\u00e1nt magas fok\u00fa motiv\u00e1ci\u00f3t \u00e9s elk\u00f6telezetts\u00e9get \u00e9reznek, magas szinten besz\u00e9lik a holland nyelvet, \u00e9s ebben az ir\u00e1nyban tervezik karrierj\u00fcket. Akik\u00a0BA-diplom\u00e1val,\u00a0MA-diplom\u00e1val vagy m\u00e9g a r\u00e9gi rendszerb\u0151l\u00a0f\u0151iskolai\u00a0vagy egyetemi\u00a0diplom\u00e1val\u00a0rendelkeznek. Ha\u00a0nem n\u00e9derlandisztika\u00a0szakos [&hellip;]<\/p>\n","protected":false},"author":1,"featured_media":0,"parent":1611,"menu_order":7,"comment_status":"closed","ping_status":"closed","template":"","meta":{"footnotes":""},"categories":[25],"tags":[],"class_list":["post-1775","page","type-page","status-publish","hentry","category-tanulmanyok"],"acf":[],"yoast_head":"<!-- This site is optimized with the Yoast SEO plugin v27.3 - https:\/\/yoast.com\/product\/yoast-seo-wordpress\/ -->\n<title>Mesterk\u00e9pz\u00e9s (MA) - KRE | BTK | N\u00e9derlandisztika tansz\u00e9k<\/title>\n<meta name=\"robots\" content=\"index, follow, max-snippet:-1, max-image-preview:large, max-video-preview:-1\" \/>\n<link rel=\"canonical\" href=\"https:\/\/btk.kre.hu\/holland\/index.php\/tanulmanyok-es-kepzesek\/mesterkepzes-ma\/\" \/>\n<meta property=\"og:locale\" content=\"hu_HU\" \/>\n<meta property=\"og:type\" content=\"article\" \/>\n<meta property=\"og:title\" content=\"Mesterk\u00e9pz\u00e9s (MA) - KRE | BTK | N\u00e9derlandisztika tansz\u00e9k\" \/>\n<meta property=\"og:description\" content=\"2016 szeptember\u00e9t\u0151l is indul tansz\u00e9k\u00fcnk\u00f6n\u00a0n\u00e9derlandisztika mesterk\u00e9pz\u00e9s (MA),\u00a0amely 2 \u00e9ves, \u00e9s ez alatt 120 kreditet kell megszerezni. Kiknek? Azoknak a hallgat\u00f3knak a jelentkez\u00e9s\u00e9t v\u00e1rjuk, akik a\u00a0holland\/flamand nyelv \u00e9s kult\u00fara\u00a0ir\u00e1nt magas fok\u00fa motiv\u00e1ci\u00f3t \u00e9s elk\u00f6telezetts\u00e9get \u00e9reznek, magas szinten besz\u00e9lik a holland nyelvet, \u00e9s ebben az ir\u00e1nyban tervezik karrierj\u00fcket. Akik\u00a0BA-diplom\u00e1val,\u00a0MA-diplom\u00e1val vagy m\u00e9g a r\u00e9gi rendszerb\u0151l\u00a0f\u0151iskolai\u00a0vagy egyetemi\u00a0diplom\u00e1val\u00a0rendelkeznek. Ha\u00a0nem n\u00e9derlandisztika\u00a0szakos [&hellip;]\" \/>\n<meta property=\"og:url\" content=\"https:\/\/btk.kre.hu\/holland\/index.php\/tanulmanyok-es-kepzesek\/mesterkepzes-ma\/\" \/>\n<meta property=\"og:site_name\" content=\"KRE | BTK | N\u00e9derlandisztika tansz\u00e9k\" \/>\n<meta property=\"article:publisher\" content=\"https:\/\/facebook.com\/KRENederlandisztika\" \/>\n<meta property=\"article:modified_time\" content=\"2021-05-07T07:20:12+00:00\" \/>\n<meta name=\"twitter:card\" content=\"summary_large_image\" \/>\n<meta name=\"twitter:label1\" content=\"Becs\u00fclt olvas\u00e1si id\u0151\" \/>\n\t<meta name=\"twitter:data1\" content=\"2 perc\" \/>\n<script type=\"application\/ld+json\" class=\"yoast-schema-graph\">{\"@context\":\"https:\\\/\\\/schema.org\",\"@graph\":[{\"@type\":\"WebPage\",\"@id\":\"https:\\\/\\\/btk.kre.hu\\\/holland\\\/index.php\\\/tanulmanyok-es-kepzesek\\\/mesterkepzes-ma\\\/\",\"url\":\"https:\\\/\\\/btk.kre.hu\\\/holland\\\/index.php\\\/tanulmanyok-es-kepzesek\\\/mesterkepzes-ma\\\/\",\"name\":\"Mesterk\u00e9pz\u00e9s (MA) - KRE | BTK | N\u00e9derlandisztika tansz\u00e9k\",\"isPartOf\":{\"@id\":\"https:\\\/\\\/btk.kre.hu\\\/holland\\\/#website\"},\"datePublished\":\"2020-09-06T11:17:19+00:00\",\"dateModified\":\"2021-05-07T07:20:12+00:00\",\"breadcrumb\":{\"@id\":\"https:\\\/\\\/btk.kre.hu\\\/holland\\\/index.php\\\/tanulmanyok-es-kepzesek\\\/mesterkepzes-ma\\\/#breadcrumb\"},\"inLanguage\":\"hu\",\"potentialAction\":[{\"@type\":\"ReadAction\",\"target\":[\"https:\\\/\\\/btk.kre.hu\\\/holland\\\/index.php\\\/tanulmanyok-es-kepzesek\\\/mesterkepzes-ma\\\/\"]}]},{\"@type\":\"BreadcrumbList\",\"@id\":\"https:\\\/\\\/btk.kre.hu\\\/holland\\\/index.php\\\/tanulmanyok-es-kepzesek\\\/mesterkepzes-ma\\\/#breadcrumb\",\"itemListElement\":[{\"@type\":\"ListItem\",\"position\":1,\"name\":\"Kezd\u0151lap\",\"item\":\"https:\\\/\\\/btk.kre.hu\\\/holland\\\/\"},{\"@type\":\"ListItem\",\"position\":2,\"name\":\"Tanulm\u00e1nyok \u00e9s k\u00e9pz\u00e9sek\",\"item\":\"https:\\\/\\\/btk.kre.hu\\\/holland\\\/index.php\\\/tanulmanyok-es-kepzesek\\\/\"},{\"@type\":\"ListItem\",\"position\":3,\"name\":\"Mesterk\u00e9pz\u00e9s (MA)\"}]},{\"@type\":\"WebSite\",\"@id\":\"https:\\\/\\\/btk.kre.hu\\\/holland\\\/#website\",\"url\":\"https:\\\/\\\/btk.kre.hu\\\/holland\\\/\",\"name\":\"KRE | BTK | N\u00e9derlandisztika tansz\u00e9k\",\"description\":\"K\u00e1roli G\u00e1sp\u00e1r Reform\u00e1tus Egyetem\",\"publisher\":{\"@id\":\"https:\\\/\\\/btk.kre.hu\\\/holland\\\/#organization\"},\"potentialAction\":[{\"@type\":\"SearchAction\",\"target\":{\"@type\":\"EntryPoint\",\"urlTemplate\":\"https:\\\/\\\/btk.kre.hu\\\/holland\\\/?s={search_term_string}\"},\"query-input\":{\"@type\":\"PropertyValueSpecification\",\"valueRequired\":true,\"valueName\":\"search_term_string\"}}],\"inLanguage\":\"hu\"},{\"@type\":\"Organization\",\"@id\":\"https:\\\/\\\/btk.kre.hu\\\/holland\\\/#organization\",\"name\":\"N\u00e9derlandisztika szak | KRE BTK\",\"url\":\"https:\\\/\\\/btk.kre.hu\\\/holland\\\/\",\"logo\":{\"@type\":\"ImageObject\",\"inLanguage\":\"hu\",\"@id\":\"https:\\\/\\\/btk.kre.hu\\\/holland\\\/#\\\/schema\\\/logo\\\/image\\\/\",\"url\":\"https:\\\/\\\/btk.kre.hu\\\/holland\\\/wp-content\\\/uploads\\\/2020\\\/11\\\/KRE_NEDERLANDISZTIKA.png\",\"contentUrl\":\"https:\\\/\\\/btk.kre.hu\\\/holland\\\/wp-content\\\/uploads\\\/2020\\\/11\\\/KRE_NEDERLANDISZTIKA.png\",\"width\":3356,\"height\":5143,\"caption\":\"N\u00e9derlandisztika szak | KRE BTK\"},\"image\":{\"@id\":\"https:\\\/\\\/btk.kre.hu\\\/holland\\\/#\\\/schema\\\/logo\\\/image\\\/\"},\"sameAs\":[\"https:\\\/\\\/facebook.com\\\/KRENederlandisztika\"]}]}<\/script>\n<!-- \/ Yoast SEO plugin. -->","yoast_head_json":{"title":"Mesterk\u00e9pz\u00e9s (MA) - KRE | BTK | N\u00e9derlandisztika tansz\u00e9k","robots":{"index":"index","follow":"follow","max-snippet":"max-snippet:-1","max-image-preview":"max-image-preview:large","max-video-preview":"max-video-preview:-1"},"canonical":"https:\/\/btk.kre.hu\/holland\/index.php\/tanulmanyok-es-kepzesek\/mesterkepzes-ma\/","og_locale":"hu_HU","og_type":"article","og_title":"Mesterk\u00e9pz\u00e9s (MA) - KRE | BTK | N\u00e9derlandisztika tansz\u00e9k","og_description":"2016 szeptember\u00e9t\u0151l is indul tansz\u00e9k\u00fcnk\u00f6n\u00a0n\u00e9derlandisztika mesterk\u00e9pz\u00e9s (MA),\u00a0amely 2 \u00e9ves, \u00e9s ez alatt 120 kreditet kell megszerezni. Kiknek? Azoknak a hallgat\u00f3knak a jelentkez\u00e9s\u00e9t v\u00e1rjuk, akik a\u00a0holland\/flamand nyelv \u00e9s kult\u00fara\u00a0ir\u00e1nt magas fok\u00fa motiv\u00e1ci\u00f3t \u00e9s elk\u00f6telezetts\u00e9get \u00e9reznek, magas szinten besz\u00e9lik a holland nyelvet, \u00e9s ebben az ir\u00e1nyban tervezik karrierj\u00fcket. Akik\u00a0BA-diplom\u00e1val,\u00a0MA-diplom\u00e1val vagy m\u00e9g a r\u00e9gi rendszerb\u0151l\u00a0f\u0151iskolai\u00a0vagy egyetemi\u00a0diplom\u00e1val\u00a0rendelkeznek. Ha\u00a0nem n\u00e9derlandisztika\u00a0szakos [&hellip;]","og_url":"https:\/\/btk.kre.hu\/holland\/index.php\/tanulmanyok-es-kepzesek\/mesterkepzes-ma\/","og_site_name":"KRE | BTK | N\u00e9derlandisztika tansz\u00e9k","article_publisher":"https:\/\/facebook.com\/KRENederlandisztika","article_modified_time":"2021-05-07T07:20:12+00:00","twitter_card":"summary_large_image","twitter_misc":{"Becs\u00fclt olvas\u00e1si id\u0151":"2 perc"},"schema":{"@context":"https:\/\/schema.org","@graph":[{"@type":"WebPage","@id":"https:\/\/btk.kre.hu\/holland\/index.php\/tanulmanyok-es-kepzesek\/mesterkepzes-ma\/","url":"https:\/\/btk.kre.hu\/holland\/index.php\/tanulmanyok-es-kepzesek\/mesterkepzes-ma\/","name":"Mesterk\u00e9pz\u00e9s (MA) - KRE | BTK | N\u00e9derlandisztika tansz\u00e9k","isPartOf":{"@id":"https:\/\/btk.kre.hu\/holland\/#website"},"datePublished":"2020-09-06T11:17:19+00:00","dateModified":"2021-05-07T07:20:12+00:00","breadcrumb":{"@id":"https:\/\/btk.kre.hu\/holland\/index.php\/tanulmanyok-es-kepzesek\/mesterkepzes-ma\/#breadcrumb"},"inLanguage":"hu","potentialAction":[{"@type":"ReadAction","target":["https:\/\/btk.kre.hu\/holland\/index.php\/tanulmanyok-es-kepzesek\/mesterkepzes-ma\/"]}]},{"@type":"BreadcrumbList","@id":"https:\/\/btk.kre.hu\/holland\/index.php\/tanulmanyok-es-kepzesek\/mesterkepzes-ma\/#breadcrumb","itemListElement":[{"@type":"ListItem","position":1,"name":"Kezd\u0151lap","item":"https:\/\/btk.kre.hu\/holland\/"},{"@type":"ListItem","position":2,"name":"Tanulm\u00e1nyok \u00e9s k\u00e9pz\u00e9sek","item":"https:\/\/btk.kre.hu\/holland\/index.php\/tanulmanyok-es-kepzesek\/"},{"@type":"ListItem","position":3,"name":"Mesterk\u00e9pz\u00e9s (MA)"}]},{"@type":"WebSite","@id":"https:\/\/btk.kre.hu\/holland\/#website","url":"https:\/\/btk.kre.hu\/holland\/","name":"KRE | BTK | N\u00e9derlandisztika tansz\u00e9k","description":"K\u00e1roli G\u00e1sp\u00e1r Reform\u00e1tus Egyetem","publisher":{"@id":"https:\/\/btk.kre.hu\/holland\/#organization"},"potentialAction":[{"@type":"SearchAction","target":{"@type":"EntryPoint","urlTemplate":"https:\/\/btk.kre.hu\/holland\/?s={search_term_string}"},"query-input":{"@type":"PropertyValueSpecification","valueRequired":true,"valueName":"search_term_string"}}],"inLanguage":"hu"},{"@type":"Organization","@id":"https:\/\/btk.kre.hu\/holland\/#organization","name":"N\u00e9derlandisztika szak | KRE BTK","url":"https:\/\/btk.kre.hu\/holland\/","logo":{"@type":"ImageObject","inLanguage":"hu","@id":"https:\/\/btk.kre.hu\/holland\/#\/schema\/logo\/image\/","url":"https:\/\/btk.kre.hu\/holland\/wp-content\/uploads\/2020\/11\/KRE_NEDERLANDISZTIKA.png","contentUrl":"https:\/\/btk.kre.hu\/holland\/wp-content\/uploads\/2020\/11\/KRE_NEDERLANDISZTIKA.png","width":3356,"height":5143,"caption":"N\u00e9derlandisztika szak | KRE BTK"},"image":{"@id":"https:\/\/btk.kre.hu\/holland\/#\/schema\/logo\/image\/"},"sameAs":["https:\/\/facebook.com\/KRENederlandisztika"]}]}},"_links":{"self":[{"href":"https:\/\/btk.kre.hu\/holland\/index.php\/wp-json\/wp\/v2\/pages\/1775","targetHints":{"allow":["GET"]}}],"collection":[{"href":"https:\/\/btk.kre.hu\/holland\/index.php\/wp-json\/wp\/v2\/pages"}],"about":[{"href":"https:\/\/btk.kre.hu\/holland\/index.php\/wp-json\/wp\/v2\/types\/page"}],"author":[{"embeddable":true,"href":"https:\/\/btk.kre.hu\/holland\/index.php\/wp-json\/wp\/v2\/users\/1"}],"replies":[{"embeddable":true,"href":"https:\/\/btk.kre.hu\/holland\/index.php\/wp-json\/wp\/v2\/comments?post=1775"}],"version-history":[{"count":0,"href":"https:\/\/btk.kre.hu\/holland\/index.php\/wp-json\/wp\/v2\/pages\/1775\/revisions"}],"up":[{"embeddable":true,"href":"https:\/\/btk.kre.hu\/holland\/index.php\/wp-json\/wp\/v2\/pages\/1611"}],"wp:attachment":[{"href":"https:\/\/btk.kre.hu\/holland\/index.php\/wp-json\/wp\/v2\/media?parent=1775"}],"wp:term":[{"taxonomy":"category","embeddable":true,"href":"https:\/\/btk.kre.hu\/holland\/index.php\/wp-json\/wp\/v2\/categories?post=1775"},{"taxonomy":"post_tag","embeddable":true,"href":"https:\/\/btk.kre.hu\/holland\/index.php\/wp-json\/wp\/v2\/tags?post=1775"}],"curies":[{"name":"wp","href":"https:\/\/api.w.org\/{rel}","templated":true}]}}