{"id":4670,"date":"2022-05-24T14:57:08","date_gmt":"2022-05-24T12:57:08","guid":{"rendered":"https:\/\/btk.kre.hu\/holland\/?page_id=4670"},"modified":"2022-05-24T14:57:08","modified_gmt":"2022-05-24T12:57:08","slug":"masterstudie-ma","status":"publish","type":"page","link":"https:\/\/btk.kre.hu\/holland\/index.php\/masterstudie-ma\/?lang=nl","title":{"rendered":"Masterstudie (MA)"},"content":{"rendered":"<p>Op de vakgroep starten we ook dit jaar de opleiding master in de neerlandistiek, een tweejarige studie met een studielast van 120 ECTS.<\/p>\n<p><strong>Kandidaten<\/strong><\/p>\n<p>Wij verwachten studenten die zeer gemotiveerd en toegewijd zijn aan de Nederlandse\/Vlaamse taal en cultuur, de Nederlandse taal op een hoog niveau beheersen en een carri\u00e8re in dit vakgebied plannen.<\/p>\n<p>&#8211;\u00a0 \u00a0 \u00a0 \u00a0 Kandidaten moeten in het bezit zijn van een BA-diploma, of een MA-diploma of een hbo- of universitair diploma uit het oude systeem van v\u00f3\u00f3r Bologna.<\/p>\n<p>&#8211;\u00a0 \u00a0 \u00a0 \u00a0 Als de kandidaat niet in het bezit is van een diploma op het gebied van neerlandistiek, moet hij aantonen dat hij ten minste 50 studiepunten heeft behaald in een vak dat verband houdt met neerlandistiek (bijv. Inleiding tot de taalwetenschap, Inleiding tot de letterkunde, Germaanse talen en culturen, enz.). Bovendien moet de kandidaat in het bezit zijn van een taalexamen Nederlands op niveau C1 van het ERK.<\/p>\n<p><strong>Wat wij bieden<\/strong><\/p>\n<p>De afdeling heeft een ondersteunende, inspirerende sfeer, biedt de mogelijkheid om met studiebeurzen naar het buitenland te gaan (zie menu hierboven). Studenten kunnen rekenen op individuele aandacht tijdens de opleiding.<\/p>\n<p>Het curriculum voor de MA-opleiding\u00a0 kun je <a href=\"https:\/\/btk.kre.hu\/holland\/#dokumentumok\">hier<\/a> vinden. Voor meer informatie kun je contact met ons opnemen via kreholland@gmail.com<\/p>\n<p><strong>MA-studenten over de opleiding<\/strong><\/p>\n<p>Aangezien de afdeling betrekkelijk klein is, kunnen docenten individueel aandacht schenken aan de ontwikkeling van studenten, ze kunnen hen begeleiden bij het schrijven van hun scripties, en ze kunnen hen stimuleren om gebruik te maken van Erasmus- en andere studiebeurzen en om deel te nemen aan wedstrijden voor studenten neerlandistiek.<\/p>\n<p>Aan de afdeling zijn ook docenten verbonden die afgestudeerd zijn in economie of rechten: zij bieden colleges zakelijke taal en juridische taal aan in het kader van de vertaalspecialisatie of als keuzevak.<\/p>\n<p>De masteropleiding kan gecombineerd worden met onze drie\/vier semesters durende vertaalspecialisatie voor vakvertaler of literaire vertaler \u00f3f met de twee semesters durende lerarenopleiding voor leraar\/docent Nederlands. Bij de vertaalspecialisatie kun je naast het Nederlands ook nog een andere vreemde taal kiezen. Met de lerarenbevoegdheid kun je op taalscholen terecht of kun je priv\u00e9 lessen gaan geven.<\/p>\n<p>De meeste colleges zijn praktijkgericht, de taalkundecolleges op de BA dragen bij aan het verwerven van de taal. Op de MA leer je ook heel bruikbare vaardigheden, bijvoorbeeld recensies schrijven. Van de colleges literatuur kun je genieten zelfs als je het betreffende werk niet zo leuk vindt. Op de MA is er meer aandacht voor onderzoeksmethodologie, dit bereidt je goed voor op het schrijven van je scriptie maar het kan ook goed van pas komen als je van plan bent om een PhD te doen.<\/p>\n","protected":false},"excerpt":{"rendered":"<p>Op de vakgroep starten we ook dit jaar de opleiding master in de neerlandistiek, een tweejarige studie met een studielast van 120 ECTS. Kandidaten Wij verwachten studenten die zeer gemotiveerd en toegewijd zijn aan de Nederlandse\/Vlaamse taal en cultuur, de Nederlandse taal op een hoog niveau beheersen en een carri\u00e8re in dit vakgebied plannen. &#8211;\u00a0 [&hellip;]<\/p>\n","protected":false},"author":1,"featured_media":0,"parent":0,"menu_order":7,"comment_status":"closed","ping_status":"closed","template":"","meta":{"footnotes":""},"categories":[28],"tags":[],"class_list":["post-4670","page","type-page","status-publish","hentry","category-studies"],"acf":[],"yoast_head":"<!-- This site is optimized with the Yoast SEO plugin v27.5 - https:\/\/yoast.com\/product\/yoast-seo-wordpress\/ -->\n<title>Masterstudie (MA) - KRE | BTK | N\u00e9derlandisztika tansz\u00e9k<\/title>\n<meta name=\"robots\" content=\"index, follow, max-snippet:-1, max-image-preview:large, max-video-preview:-1\" \/>\n<link rel=\"canonical\" href=\"https:\/\/btk.kre.hu\/holland\/index.php\/masterstudie-ma\/?lang=nl\" \/>\n<meta property=\"og:locale\" content=\"nl_NL\" \/>\n<meta property=\"og:type\" content=\"article\" \/>\n<meta property=\"og:title\" content=\"Masterstudie (MA) - KRE | BTK | N\u00e9derlandisztika tansz\u00e9k\" \/>\n<meta property=\"og:description\" content=\"Op de vakgroep starten we ook dit jaar de opleiding master in de neerlandistiek, een tweejarige studie met een studielast van 120 ECTS. Kandidaten Wij verwachten studenten die zeer gemotiveerd en toegewijd zijn aan de Nederlandse\/Vlaamse taal en cultuur, de Nederlandse taal op een hoog niveau beheersen en een carri\u00e8re in dit vakgebied plannen. &#8211;\u00a0 [&hellip;]\" \/>\n<meta property=\"og:url\" content=\"https:\/\/btk.kre.hu\/holland\/index.php\/masterstudie-ma\/?lang=nl\" \/>\n<meta property=\"og:site_name\" content=\"KRE | BTK | N\u00e9derlandisztika tansz\u00e9k\" \/>\n<meta property=\"article:publisher\" content=\"https:\/\/facebook.com\/KRENederlandisztika\" \/>\n<meta name=\"twitter:card\" content=\"summary_large_image\" \/>\n<meta name=\"twitter:label1\" content=\"Geschatte leestijd\" \/>\n\t<meta name=\"twitter:data1\" content=\"2 minuten\" \/>\n<script type=\"application\/ld+json\" class=\"yoast-schema-graph\">{\"@context\":\"https:\\\/\\\/schema.org\",\"@graph\":[{\"@type\":\"WebPage\",\"@id\":\"https:\\\/\\\/btk.kre.hu\\\/holland\\\/index.php\\\/masterstudie-ma\\\/?lang=nl\",\"url\":\"https:\\\/\\\/btk.kre.hu\\\/holland\\\/index.php\\\/masterstudie-ma\\\/?lang=nl\",\"name\":\"Masterstudie (MA) - KRE | BTK | N\u00e9derlandisztika tansz\u00e9k\",\"isPartOf\":{\"@id\":\"https:\\\/\\\/btk.kre.hu\\\/holland\\\/#website\"},\"datePublished\":\"2022-05-24T12:57:08+00:00\",\"breadcrumb\":{\"@id\":\"https:\\\/\\\/btk.kre.hu\\\/holland\\\/index.php\\\/masterstudie-ma\\\/?lang=nl#breadcrumb\"},\"inLanguage\":\"nl-NL\",\"potentialAction\":[{\"@type\":\"ReadAction\",\"target\":[\"https:\\\/\\\/btk.kre.hu\\\/holland\\\/index.php\\\/masterstudie-ma\\\/?lang=nl\"]}]},{\"@type\":\"BreadcrumbList\",\"@id\":\"https:\\\/\\\/btk.kre.hu\\\/holland\\\/index.php\\\/masterstudie-ma\\\/?lang=nl#breadcrumb\",\"itemListElement\":[{\"@type\":\"ListItem\",\"position\":1,\"name\":\"Kezd\u0151lap\",\"item\":\"https:\\\/\\\/btk.kre.hu\\\/holland\\\/?lang=nl\"},{\"@type\":\"ListItem\",\"position\":2,\"name\":\"Masterstudie (MA)\"}]},{\"@type\":\"WebSite\",\"@id\":\"https:\\\/\\\/btk.kre.hu\\\/holland\\\/#website\",\"url\":\"https:\\\/\\\/btk.kre.hu\\\/holland\\\/\",\"name\":\"KRE | BTK | N\u00e9derlandisztika tansz\u00e9k\",\"description\":\"K\u00e1roli G\u00e1sp\u00e1r Reform\u00e1tus Egyetem\",\"publisher\":{\"@id\":\"https:\\\/\\\/btk.kre.hu\\\/holland\\\/#organization\"},\"potentialAction\":[{\"@type\":\"SearchAction\",\"target\":{\"@type\":\"EntryPoint\",\"urlTemplate\":\"https:\\\/\\\/btk.kre.hu\\\/holland\\\/?s={search_term_string}\"},\"query-input\":{\"@type\":\"PropertyValueSpecification\",\"valueRequired\":true,\"valueName\":\"search_term_string\"}}],\"inLanguage\":\"nl-NL\"},{\"@type\":\"Organization\",\"@id\":\"https:\\\/\\\/btk.kre.hu\\\/holland\\\/#organization\",\"name\":\"N\u00e9derlandisztika szak | KRE BTK\",\"url\":\"https:\\\/\\\/btk.kre.hu\\\/holland\\\/\",\"logo\":{\"@type\":\"ImageObject\",\"inLanguage\":\"nl-NL\",\"@id\":\"https:\\\/\\\/btk.kre.hu\\\/holland\\\/#\\\/schema\\\/logo\\\/image\\\/\",\"url\":\"https:\\\/\\\/btk.kre.hu\\\/holland\\\/wp-content\\\/uploads\\\/2020\\\/11\\\/KRE_NEDERLANDISZTIKA.png\",\"contentUrl\":\"https:\\\/\\\/btk.kre.hu\\\/holland\\\/wp-content\\\/uploads\\\/2020\\\/11\\\/KRE_NEDERLANDISZTIKA.png\",\"width\":3356,\"height\":5143,\"caption\":\"N\u00e9derlandisztika szak | KRE BTK\"},\"image\":{\"@id\":\"https:\\\/\\\/btk.kre.hu\\\/holland\\\/#\\\/schema\\\/logo\\\/image\\\/\"},\"sameAs\":[\"https:\\\/\\\/facebook.com\\\/KRENederlandisztika\"]}]}<\/script>\n<!-- \/ Yoast SEO plugin. -->","yoast_head_json":{"title":"Masterstudie (MA) - KRE | BTK | N\u00e9derlandisztika tansz\u00e9k","robots":{"index":"index","follow":"follow","max-snippet":"max-snippet:-1","max-image-preview":"max-image-preview:large","max-video-preview":"max-video-preview:-1"},"canonical":"https:\/\/btk.kre.hu\/holland\/index.php\/masterstudie-ma\/?lang=nl","og_locale":"nl_NL","og_type":"article","og_title":"Masterstudie (MA) - KRE | BTK | N\u00e9derlandisztika tansz\u00e9k","og_description":"Op de vakgroep starten we ook dit jaar de opleiding master in de neerlandistiek, een tweejarige studie met een studielast van 120 ECTS. Kandidaten Wij verwachten studenten die zeer gemotiveerd en toegewijd zijn aan de Nederlandse\/Vlaamse taal en cultuur, de Nederlandse taal op een hoog niveau beheersen en een carri\u00e8re in dit vakgebied plannen. &#8211;\u00a0 [&hellip;]","og_url":"https:\/\/btk.kre.hu\/holland\/index.php\/masterstudie-ma\/?lang=nl","og_site_name":"KRE | BTK | N\u00e9derlandisztika tansz\u00e9k","article_publisher":"https:\/\/facebook.com\/KRENederlandisztika","twitter_card":"summary_large_image","twitter_misc":{"Geschatte leestijd":"2 minuten"},"schema":{"@context":"https:\/\/schema.org","@graph":[{"@type":"WebPage","@id":"https:\/\/btk.kre.hu\/holland\/index.php\/masterstudie-ma\/?lang=nl","url":"https:\/\/btk.kre.hu\/holland\/index.php\/masterstudie-ma\/?lang=nl","name":"Masterstudie (MA) - KRE | BTK | N\u00e9derlandisztika tansz\u00e9k","isPartOf":{"@id":"https:\/\/btk.kre.hu\/holland\/#website"},"datePublished":"2022-05-24T12:57:08+00:00","breadcrumb":{"@id":"https:\/\/btk.kre.hu\/holland\/index.php\/masterstudie-ma\/?lang=nl#breadcrumb"},"inLanguage":"nl-NL","potentialAction":[{"@type":"ReadAction","target":["https:\/\/btk.kre.hu\/holland\/index.php\/masterstudie-ma\/?lang=nl"]}]},{"@type":"BreadcrumbList","@id":"https:\/\/btk.kre.hu\/holland\/index.php\/masterstudie-ma\/?lang=nl#breadcrumb","itemListElement":[{"@type":"ListItem","position":1,"name":"Kezd\u0151lap","item":"https:\/\/btk.kre.hu\/holland\/?lang=nl"},{"@type":"ListItem","position":2,"name":"Masterstudie (MA)"}]},{"@type":"WebSite","@id":"https:\/\/btk.kre.hu\/holland\/#website","url":"https:\/\/btk.kre.hu\/holland\/","name":"KRE | BTK | N\u00e9derlandisztika tansz\u00e9k","description":"K\u00e1roli G\u00e1sp\u00e1r Reform\u00e1tus Egyetem","publisher":{"@id":"https:\/\/btk.kre.hu\/holland\/#organization"},"potentialAction":[{"@type":"SearchAction","target":{"@type":"EntryPoint","urlTemplate":"https:\/\/btk.kre.hu\/holland\/?s={search_term_string}"},"query-input":{"@type":"PropertyValueSpecification","valueRequired":true,"valueName":"search_term_string"}}],"inLanguage":"nl-NL"},{"@type":"Organization","@id":"https:\/\/btk.kre.hu\/holland\/#organization","name":"N\u00e9derlandisztika szak | KRE BTK","url":"https:\/\/btk.kre.hu\/holland\/","logo":{"@type":"ImageObject","inLanguage":"nl-NL","@id":"https:\/\/btk.kre.hu\/holland\/#\/schema\/logo\/image\/","url":"https:\/\/btk.kre.hu\/holland\/wp-content\/uploads\/2020\/11\/KRE_NEDERLANDISZTIKA.png","contentUrl":"https:\/\/btk.kre.hu\/holland\/wp-content\/uploads\/2020\/11\/KRE_NEDERLANDISZTIKA.png","width":3356,"height":5143,"caption":"N\u00e9derlandisztika szak | KRE BTK"},"image":{"@id":"https:\/\/btk.kre.hu\/holland\/#\/schema\/logo\/image\/"},"sameAs":["https:\/\/facebook.com\/KRENederlandisztika"]}]}},"_links":{"self":[{"href":"https:\/\/btk.kre.hu\/holland\/index.php\/wp-json\/wp\/v2\/pages\/4670\/?lang=nl"}],"collection":[{"href":"https:\/\/btk.kre.hu\/holland\/index.php\/wp-json\/wp\/v2\/pages\/?lang=nl"}],"about":[{"href":"https:\/\/btk.kre.hu\/holland\/index.php\/wp-json\/wp\/v2\/types\/page\/?lang=nl"}],"author":[{"embeddable":true,"href":"https:\/\/btk.kre.hu\/holland\/index.php\/wp-json\/wp\/v2\/users\/1\/?lang=nl"}],"replies":[{"embeddable":true,"href":"https:\/\/btk.kre.hu\/holland\/index.php\/wp-json\/wp\/v2\/comments\/?lang=nl&post=4670"}],"version-history":[{"count":0,"href":"https:\/\/btk.kre.hu\/holland\/index.php\/wp-json\/wp\/v2\/pages\/4670\/revisions\/?lang=nl"}],"wp:attachment":[{"href":"https:\/\/btk.kre.hu\/holland\/index.php\/wp-json\/wp\/v2\/media\/?lang=nl&parent=4670"}],"wp:term":[{"taxonomy":"category","embeddable":true,"href":"https:\/\/btk.kre.hu\/holland\/index.php\/wp-json\/wp\/v2\/categories\/?lang=nl&post=4670"},{"taxonomy":"post_tag","embeddable":true,"href":"https:\/\/btk.kre.hu\/holland\/index.php\/wp-json\/wp\/v2\/tags\/?lang=nl&post=4670"}],"curies":[{"name":"wp","href":"https:\/\/api.w.org\/{rel}","templated":true}]}}