{"id":4674,"date":"2022-05-24T15:01:03","date_gmt":"2022-05-24T13:01:03","guid":{"rendered":"https:\/\/btk.kre.hu\/holland\/?page_id=4674"},"modified":"2022-05-24T15:01:03","modified_gmt":"2022-05-24T13:01:03","slug":"opleiding-tot-vertaler","status":"publish","type":"page","link":"https:\/\/btk.kre.hu\/holland\/index.php\/opleiding-tot-vertaler\/?lang=nl","title":{"rendered":"Opleiding tot vertaler"},"content":{"rendered":"<p>Aan de Letterenfaculteit van de K\u00e1roli Universiteit wordt al jaren lang de opleiding tot vakvertaler aangeboden (op het gebied van geesteswetenschappen, sociale wetenschappen, theologie, rechten, economie, technische vakken, en EU-teksten). Hiernaast worden er ook literaire vertalers opgeleid. Studenten kunnen kiezen uit de volgende vreemde talen: Engels, Duits, Frans, Nederlands, Japans en Chinees.\u00a0 Het is mogelijk om de opleiding in twee vreemde talen te volgen. De cursus duurt drie semesters, de colleges vinden om de twee \u00e0 drie weken plaats, van vrijdagmiddag tot zaterdagavond. Studenten moeten cursusgeld betalen, maar de vakgroep Neerlandistiek probeert\u00a0 bij te dragen in de kosten.<\/p>\n<p>Na afronding van de cursus ben je gediplomeerd als gespecialiseerd vertaler en literaire vertaler in het Nederlands en Hongaars.<\/p>\n<p>Voor meer informatie verwijzen we je \u00a0<a href=\"https:\/\/btk.kre.hu\/index.php\/bolcseszettudomanyi-egyhazi-jogi-gazdasagi-muszaki-europai-unios-es-tarsadalomtudomanyi-szakforditoi-es-muforditoi-valaszthato-idegen-nyelvek-angol-nemet-francia-holland-japan-kinai-szakiranyu-tovabbkepzes\">naar de pagina van onze universiteit<\/a>.<\/p>\n<p><strong>Studenten over de opleiding<\/strong><\/p>\n<p>Indien vertalen je passie is, indien je nog niet zeker weet of je een loopbaan als vertaler wilt kiezen of als je je taal-gerelateerde activiteiten ook nog wil diversifi\u00ebren, dan ben je op deze opleiding op de juiste plek! Wat mij betreft heb ik tijdens deze opleiding veel gehad aan de vakkundige adviezen van de docenten wat betreft de fijne kneepjes van het vertalen. Ik weet nu veel beter waar ik op moet letten als ik als vertaler aan de slag ga. Hartelijk bedankt! (Melissa Csikszentmih\u00e1lyi)<\/p>\n<p>Intensieve en waardevolle lessen, goed voorbereide, gewetensvolle docenten &#8211; dat is wat eerst in me opkomt als ik aan de drie semesters van de vertalersopleiding denk. Daarnaast heb ik veel vooruitgang geboekt in zowel het vertalen van het Nederlands naar het Hongaars als het vertalen van het Hongaars naar het Nederlands. Ik heb ervaring opgedaan in verschillende vakgebieden en de resultaten waren zichtbaar in didactisch goed gestructureerde lessen. Het is belangrijk te vermelden dat we ook idee\u00ebn en tips hebben gekregen die in de vertaalpraktijk kunnen worden gebruikt, wat het makkelijker maakt om toe te passen wat we in theorie hebben geleerd. Als je je kennis van het Nederlands wilt verdiepen, kan ik je de beroepsopleiding tot vertaler aan de K\u00e1roli Universiteit van harte aanbevelen! (Vera F\u00f6ldesi)<\/p>\n","protected":false},"excerpt":{"rendered":"<p>Aan de Letterenfaculteit van de K\u00e1roli Universiteit wordt al jaren lang de opleiding tot vakvertaler aangeboden (op het gebied van geesteswetenschappen, sociale wetenschappen, theologie, rechten, economie, technische vakken, en EU-teksten). Hiernaast worden er ook literaire vertalers opgeleid. Studenten kunnen kiezen uit de volgende vreemde talen: Engels, Duits, Frans, Nederlands, Japans en Chinees.\u00a0 Het is mogelijk [&hellip;]<\/p>\n","protected":false},"author":1,"featured_media":0,"parent":0,"menu_order":9,"comment_status":"closed","ping_status":"closed","template":"","meta":{"footnotes":""},"categories":[28],"tags":[],"class_list":["post-4674","page","type-page","status-publish","hentry","category-studies"],"acf":[],"yoast_head":"<!-- This site is optimized with the Yoast SEO plugin v27.5 - https:\/\/yoast.com\/product\/yoast-seo-wordpress\/ -->\n<title>Opleiding tot vertaler - KRE | BTK | N\u00e9derlandisztika tansz\u00e9k<\/title>\n<meta name=\"robots\" content=\"index, follow, max-snippet:-1, max-image-preview:large, max-video-preview:-1\" \/>\n<link rel=\"canonical\" href=\"https:\/\/btk.kre.hu\/holland\/index.php\/opleiding-tot-vertaler\/?lang=nl\" \/>\n<meta property=\"og:locale\" content=\"nl_NL\" \/>\n<meta property=\"og:type\" content=\"article\" \/>\n<meta property=\"og:title\" content=\"Opleiding tot vertaler - KRE | BTK | N\u00e9derlandisztika tansz\u00e9k\" \/>\n<meta property=\"og:description\" content=\"Aan de Letterenfaculteit van de K\u00e1roli Universiteit wordt al jaren lang de opleiding tot vakvertaler aangeboden (op het gebied van geesteswetenschappen, sociale wetenschappen, theologie, rechten, economie, technische vakken, en EU-teksten). Hiernaast worden er ook literaire vertalers opgeleid. Studenten kunnen kiezen uit de volgende vreemde talen: Engels, Duits, Frans, Nederlands, Japans en Chinees.\u00a0 Het is mogelijk [&hellip;]\" \/>\n<meta property=\"og:url\" content=\"https:\/\/btk.kre.hu\/holland\/index.php\/opleiding-tot-vertaler\/?lang=nl\" \/>\n<meta property=\"og:site_name\" content=\"KRE | BTK | N\u00e9derlandisztika tansz\u00e9k\" \/>\n<meta property=\"article:publisher\" content=\"https:\/\/facebook.com\/KRENederlandisztika\" \/>\n<meta name=\"twitter:card\" content=\"summary_large_image\" \/>\n<meta name=\"twitter:label1\" content=\"Geschatte leestijd\" \/>\n\t<meta name=\"twitter:data1\" content=\"2 minuten\" \/>\n<script type=\"application\/ld+json\" class=\"yoast-schema-graph\">{\"@context\":\"https:\\\/\\\/schema.org\",\"@graph\":[{\"@type\":\"WebPage\",\"@id\":\"https:\\\/\\\/btk.kre.hu\\\/holland\\\/index.php\\\/opleiding-tot-vertaler\\\/?lang=nl\",\"url\":\"https:\\\/\\\/btk.kre.hu\\\/holland\\\/index.php\\\/opleiding-tot-vertaler\\\/?lang=nl\",\"name\":\"Opleiding tot vertaler - KRE | BTK | N\u00e9derlandisztika tansz\u00e9k\",\"isPartOf\":{\"@id\":\"https:\\\/\\\/btk.kre.hu\\\/holland\\\/#website\"},\"datePublished\":\"2022-05-24T13:01:03+00:00\",\"breadcrumb\":{\"@id\":\"https:\\\/\\\/btk.kre.hu\\\/holland\\\/index.php\\\/opleiding-tot-vertaler\\\/?lang=nl#breadcrumb\"},\"inLanguage\":\"nl-NL\",\"potentialAction\":[{\"@type\":\"ReadAction\",\"target\":[\"https:\\\/\\\/btk.kre.hu\\\/holland\\\/index.php\\\/opleiding-tot-vertaler\\\/?lang=nl\"]}]},{\"@type\":\"BreadcrumbList\",\"@id\":\"https:\\\/\\\/btk.kre.hu\\\/holland\\\/index.php\\\/opleiding-tot-vertaler\\\/?lang=nl#breadcrumb\",\"itemListElement\":[{\"@type\":\"ListItem\",\"position\":1,\"name\":\"Kezd\u0151lap\",\"item\":\"https:\\\/\\\/btk.kre.hu\\\/holland\\\/?lang=nl\"},{\"@type\":\"ListItem\",\"position\":2,\"name\":\"Opleiding tot vertaler\"}]},{\"@type\":\"WebSite\",\"@id\":\"https:\\\/\\\/btk.kre.hu\\\/holland\\\/#website\",\"url\":\"https:\\\/\\\/btk.kre.hu\\\/holland\\\/\",\"name\":\"KRE | BTK | N\u00e9derlandisztika tansz\u00e9k\",\"description\":\"K\u00e1roli G\u00e1sp\u00e1r Reform\u00e1tus Egyetem\",\"publisher\":{\"@id\":\"https:\\\/\\\/btk.kre.hu\\\/holland\\\/#organization\"},\"potentialAction\":[{\"@type\":\"SearchAction\",\"target\":{\"@type\":\"EntryPoint\",\"urlTemplate\":\"https:\\\/\\\/btk.kre.hu\\\/holland\\\/?s={search_term_string}\"},\"query-input\":{\"@type\":\"PropertyValueSpecification\",\"valueRequired\":true,\"valueName\":\"search_term_string\"}}],\"inLanguage\":\"nl-NL\"},{\"@type\":\"Organization\",\"@id\":\"https:\\\/\\\/btk.kre.hu\\\/holland\\\/#organization\",\"name\":\"N\u00e9derlandisztika szak | KRE BTK\",\"url\":\"https:\\\/\\\/btk.kre.hu\\\/holland\\\/\",\"logo\":{\"@type\":\"ImageObject\",\"inLanguage\":\"nl-NL\",\"@id\":\"https:\\\/\\\/btk.kre.hu\\\/holland\\\/#\\\/schema\\\/logo\\\/image\\\/\",\"url\":\"https:\\\/\\\/btk.kre.hu\\\/holland\\\/wp-content\\\/uploads\\\/2020\\\/11\\\/KRE_NEDERLANDISZTIKA.png\",\"contentUrl\":\"https:\\\/\\\/btk.kre.hu\\\/holland\\\/wp-content\\\/uploads\\\/2020\\\/11\\\/KRE_NEDERLANDISZTIKA.png\",\"width\":3356,\"height\":5143,\"caption\":\"N\u00e9derlandisztika szak | KRE BTK\"},\"image\":{\"@id\":\"https:\\\/\\\/btk.kre.hu\\\/holland\\\/#\\\/schema\\\/logo\\\/image\\\/\"},\"sameAs\":[\"https:\\\/\\\/facebook.com\\\/KRENederlandisztika\"]}]}<\/script>\n<!-- \/ Yoast SEO plugin. -->","yoast_head_json":{"title":"Opleiding tot vertaler - KRE | BTK | N\u00e9derlandisztika tansz\u00e9k","robots":{"index":"index","follow":"follow","max-snippet":"max-snippet:-1","max-image-preview":"max-image-preview:large","max-video-preview":"max-video-preview:-1"},"canonical":"https:\/\/btk.kre.hu\/holland\/index.php\/opleiding-tot-vertaler\/?lang=nl","og_locale":"nl_NL","og_type":"article","og_title":"Opleiding tot vertaler - KRE | BTK | N\u00e9derlandisztika tansz\u00e9k","og_description":"Aan de Letterenfaculteit van de K\u00e1roli Universiteit wordt al jaren lang de opleiding tot vakvertaler aangeboden (op het gebied van geesteswetenschappen, sociale wetenschappen, theologie, rechten, economie, technische vakken, en EU-teksten). Hiernaast worden er ook literaire vertalers opgeleid. Studenten kunnen kiezen uit de volgende vreemde talen: Engels, Duits, Frans, Nederlands, Japans en Chinees.\u00a0 Het is mogelijk [&hellip;]","og_url":"https:\/\/btk.kre.hu\/holland\/index.php\/opleiding-tot-vertaler\/?lang=nl","og_site_name":"KRE | BTK | N\u00e9derlandisztika tansz\u00e9k","article_publisher":"https:\/\/facebook.com\/KRENederlandisztika","twitter_card":"summary_large_image","twitter_misc":{"Geschatte leestijd":"2 minuten"},"schema":{"@context":"https:\/\/schema.org","@graph":[{"@type":"WebPage","@id":"https:\/\/btk.kre.hu\/holland\/index.php\/opleiding-tot-vertaler\/?lang=nl","url":"https:\/\/btk.kre.hu\/holland\/index.php\/opleiding-tot-vertaler\/?lang=nl","name":"Opleiding tot vertaler - KRE | BTK | N\u00e9derlandisztika tansz\u00e9k","isPartOf":{"@id":"https:\/\/btk.kre.hu\/holland\/#website"},"datePublished":"2022-05-24T13:01:03+00:00","breadcrumb":{"@id":"https:\/\/btk.kre.hu\/holland\/index.php\/opleiding-tot-vertaler\/?lang=nl#breadcrumb"},"inLanguage":"nl-NL","potentialAction":[{"@type":"ReadAction","target":["https:\/\/btk.kre.hu\/holland\/index.php\/opleiding-tot-vertaler\/?lang=nl"]}]},{"@type":"BreadcrumbList","@id":"https:\/\/btk.kre.hu\/holland\/index.php\/opleiding-tot-vertaler\/?lang=nl#breadcrumb","itemListElement":[{"@type":"ListItem","position":1,"name":"Kezd\u0151lap","item":"https:\/\/btk.kre.hu\/holland\/?lang=nl"},{"@type":"ListItem","position":2,"name":"Opleiding tot vertaler"}]},{"@type":"WebSite","@id":"https:\/\/btk.kre.hu\/holland\/#website","url":"https:\/\/btk.kre.hu\/holland\/","name":"KRE | BTK | N\u00e9derlandisztika tansz\u00e9k","description":"K\u00e1roli G\u00e1sp\u00e1r Reform\u00e1tus Egyetem","publisher":{"@id":"https:\/\/btk.kre.hu\/holland\/#organization"},"potentialAction":[{"@type":"SearchAction","target":{"@type":"EntryPoint","urlTemplate":"https:\/\/btk.kre.hu\/holland\/?s={search_term_string}"},"query-input":{"@type":"PropertyValueSpecification","valueRequired":true,"valueName":"search_term_string"}}],"inLanguage":"nl-NL"},{"@type":"Organization","@id":"https:\/\/btk.kre.hu\/holland\/#organization","name":"N\u00e9derlandisztika szak | KRE BTK","url":"https:\/\/btk.kre.hu\/holland\/","logo":{"@type":"ImageObject","inLanguage":"nl-NL","@id":"https:\/\/btk.kre.hu\/holland\/#\/schema\/logo\/image\/","url":"https:\/\/btk.kre.hu\/holland\/wp-content\/uploads\/2020\/11\/KRE_NEDERLANDISZTIKA.png","contentUrl":"https:\/\/btk.kre.hu\/holland\/wp-content\/uploads\/2020\/11\/KRE_NEDERLANDISZTIKA.png","width":3356,"height":5143,"caption":"N\u00e9derlandisztika szak | KRE BTK"},"image":{"@id":"https:\/\/btk.kre.hu\/holland\/#\/schema\/logo\/image\/"},"sameAs":["https:\/\/facebook.com\/KRENederlandisztika"]}]}},"_links":{"self":[{"href":"https:\/\/btk.kre.hu\/holland\/index.php\/wp-json\/wp\/v2\/pages\/4674\/?lang=nl"}],"collection":[{"href":"https:\/\/btk.kre.hu\/holland\/index.php\/wp-json\/wp\/v2\/pages\/?lang=nl"}],"about":[{"href":"https:\/\/btk.kre.hu\/holland\/index.php\/wp-json\/wp\/v2\/types\/page\/?lang=nl"}],"author":[{"embeddable":true,"href":"https:\/\/btk.kre.hu\/holland\/index.php\/wp-json\/wp\/v2\/users\/1\/?lang=nl"}],"replies":[{"embeddable":true,"href":"https:\/\/btk.kre.hu\/holland\/index.php\/wp-json\/wp\/v2\/comments\/?lang=nl&post=4674"}],"version-history":[{"count":0,"href":"https:\/\/btk.kre.hu\/holland\/index.php\/wp-json\/wp\/v2\/pages\/4674\/revisions\/?lang=nl"}],"wp:attachment":[{"href":"https:\/\/btk.kre.hu\/holland\/index.php\/wp-json\/wp\/v2\/media\/?lang=nl&parent=4674"}],"wp:term":[{"taxonomy":"category","embeddable":true,"href":"https:\/\/btk.kre.hu\/holland\/index.php\/wp-json\/wp\/v2\/categories\/?lang=nl&post=4674"},{"taxonomy":"post_tag","embeddable":true,"href":"https:\/\/btk.kre.hu\/holland\/index.php\/wp-json\/wp\/v2\/tags\/?lang=nl&post=4674"}],"curies":[{"name":"wp","href":"https:\/\/api.w.org\/{rel}","templated":true}]}}